{"id":54,"date":"2018-04-27T21:58:43","date_gmt":"2018-04-27T21:58:43","guid":{"rendered":"https:\/\/ssylvia.uber.space\/imprint\/"},"modified":"2018-05-06T18:35:07","modified_gmt":"2018-05-06T18:35:07","slug":"imprint","status":"publish","type":"page","link":"https:\/\/mein-biogarten.com\/?page_id=54","title":{"rendered":"Impressum"},"content":{"rendered":"\t\t<div data-elementor-type=\"wp-post\" data-elementor-id=\"54\" class=\"elementor elementor-54 elementor-bc-flex-widget\">\n\t\t\t\t\t\t<section class=\"elementor-section elementor-top-section elementor-element elementor-element-57ad7274 elementor-section-boxed elementor-section-height-default elementor-section-height-default\" data-id=\"57ad7274\" data-element_type=\"section\" data-e-type=\"section\">\n\t\t\t\t\t\t<div class=\"elementor-container elementor-column-gap-default\">\n\t\t\t\t\t<div class=\"elementor-column elementor-col-100 elementor-top-column elementor-element elementor-element-1e069358\" data-id=\"1e069358\" data-element_type=\"column\" data-e-type=\"column\">\n\t\t\t<div class=\"elementor-widget-wrap elementor-element-populated\">\n\t\t\t\t\t\t<div class=\"elementor-element elementor-element-2dc34ff0 elementor-widget elementor-widget-text-editor\" data-id=\"2dc34ff0\" data-element_type=\"widget\" data-e-type=\"widget\" data-widget_type=\"text-editor.default\">\n\t\t\t\t<div class=\"elementor-widget-container\">\n\t\t\t\t\t\t\t\t\t<h5 style=\"margin-bottom: 0px; outline: 0px; vertical-align: baseline; font-style: normal; font-variant-caps: normal; font-weight: normal; font-size: 20px; line-height: 1.2em; font-family: Signika, sans-serif; color: #45931c; pointer-events: auto; text-transform: none; background-position: 0px 0px;\"><strong><span style=\"font-size: 14px; text-align: inherit;\">Angaben gem\u00e4\u00df \u00a7 5 TMG:<\/span><\/strong><\/h5><p style=\"margin-bottom: 0px; outline: 0px; vertical-align: baseline; font-style: normal; font-variant-caps: normal; font-size: 14px; line-height: normal; font-family: Tahoma, tahoma-w01-regular, tahoma-w02-regular, tahoma-w10-regular, tahoma-w15--regular, tahoma-w99-regular, sans-serif; color: #45931c; pointer-events: auto; text-indent: 0px; text-align: justify; background-position: 0px 0px;\"><span style=\"outline: 0px; vertical-align: baseline; font-family: tahoma, tahoma-w01-regular, tahoma-w02-regular, tahoma-w10-regular, tahoma-w15--regular, tahoma-w99-regular, sans-serif; background-position: 0px 0px;\"><span style=\"outline: 0px; vertical-align: baseline; color: #000000; background-position: 0px 0px;\">Gerhard Schumacher\u00a0<\/span><\/span><\/p><p style=\"margin-bottom: 0px; outline: 0px; vertical-align: baseline; font-style: normal; font-variant-caps: normal; font-size: 14px; line-height: normal; font-family: Tahoma, tahoma-w01-regular, tahoma-w02-regular, tahoma-w10-regular, tahoma-w15--regular, tahoma-w99-regular, sans-serif; color: #45931c; pointer-events: auto; text-indent: 0px; text-align: justify; background-position: 0px 0px;\"><span style=\"outline: 0px; vertical-align: baseline; font-family: tahoma, tahoma-w01-regular, tahoma-w02-regular, tahoma-w10-regular, tahoma-w15--regular, tahoma-w99-regular, sans-serif; background-position: 0px 0px;\"><span style=\"outline: 0px; vertical-align: baseline; color: #000000; background-position: 0px 0px;\">meinBiogarten\u00a0<\/span><\/span><\/p><p style=\"margin-bottom: 0px; outline: 0px; vertical-align: baseline; font-style: normal; font-variant-caps: normal; font-size: 14px; line-height: normal; font-family: Tahoma, tahoma-w01-regular, tahoma-w02-regular, tahoma-w10-regular, tahoma-w15--regular, tahoma-w99-regular, sans-serif; color: #45931c; pointer-events: auto; text-indent: 0px; text-align: justify; background-position: 0px 0px;\"><span style=\"outline: 0px; vertical-align: baseline; font-family: tahoma, tahoma-w01-regular, tahoma-w02-regular, tahoma-w10-regular, tahoma-w15--regular, tahoma-w99-regular, sans-serif; background-position: 0px 0px;\"><span style=\"outline: 0px; vertical-align: baseline; color: #000000; background-position: 0px 0px;\">Nitzenweiler 17\u00a0<\/span><\/span><\/p><p style=\"margin-bottom: 0px; outline: 0px; vertical-align: baseline; font-style: normal; font-variant-caps: normal; font-size: 14px; line-height: normal; font-family: Tahoma, tahoma-w01-regular, tahoma-w02-regular, tahoma-w10-regular, tahoma-w15--regular, tahoma-w99-regular, sans-serif; color: #45931c; pointer-events: auto; text-indent: 0px; text-align: justify; background-position: 0px 0px;\"><span style=\"outline: 0px; vertical-align: baseline; font-family: tahoma, tahoma-w01-regular, tahoma-w02-regular, tahoma-w10-regular, tahoma-w15--regular, tahoma-w99-regular, sans-serif; background-position: 0px 0px;\"><span style=\"outline: 0px; vertical-align: baseline; color: #000000; background-position: 0px 0px;\">D &#8211;\u00a088079 Kressbronn<\/span><\/span><\/p><p style=\"margin-bottom: 0px; outline: 0px; vertical-align: baseline; font-style: normal; font-variant-caps: normal; font-size: 14px; line-height: normal; font-family: Tahoma, tahoma-w01-regular, tahoma-w02-regular, tahoma-w10-regular, tahoma-w15--regular, tahoma-w99-regular, sans-serif; color: #45931c; pointer-events: auto; text-indent: 0px; text-align: justify; background-position: 0px 0px;\"><span style=\"outline: 0px; vertical-align: baseline; font-family: tahoma, tahoma-w01-regular, tahoma-w02-regular, tahoma-w10-regular, tahoma-w15--regular, tahoma-w99-regular, sans-serif; background-position: 0px 0px;\"><span style=\"outline: 0px; vertical-align: baseline; color: #000000; background-position: 0px 0px;\">\u00a0<\/span><\/span><\/p><p style=\"margin-bottom: 0px; outline: 0px; vertical-align: baseline; font-style: normal; font-variant-caps: normal; font-size: 14px; line-height: normal; font-family: Tahoma, tahoma-w01-regular, tahoma-w02-regular, tahoma-w10-regular, tahoma-w15--regular, tahoma-w99-regular, sans-serif; color: #45931c; pointer-events: auto; text-indent: 0px; text-align: justify; background-position: 0px 0px;\"><strong><span style=\"outline: 0px none currentcolor; vertical-align: baseline; font-family: tahoma, tahoma-w01-regular, tahoma-w02-regular, tahoma-w10-regular, tahoma-w15--regular, tahoma-w99-regular, sans-serif; background-position: 0px 0px;\"><span style=\"outline: 0px none currentcolor; vertical-align: baseline; background-position: 0px 0px;\">Kontakt:<\/span><\/span><\/strong><\/p><p style=\"margin-bottom: 0px; outline: 0px; vertical-align: baseline; font-style: normal; font-variant-caps: normal; font-size: 14px; line-height: normal; font-family: Tahoma, tahoma-w01-regular, tahoma-w02-regular, tahoma-w10-regular, tahoma-w15--regular, tahoma-w99-regular, sans-serif; color: #45931c; pointer-events: auto; text-indent: 0px; text-align: justify; background-position: 0px 0px;\"><span style=\"outline: 0px; vertical-align: baseline; font-family: tahoma, tahoma-w01-regular, tahoma-w02-regular, tahoma-w10-regular, tahoma-w15--regular, tahoma-w99-regular, sans-serif; background-position: 0px 0px;\"><span style=\"outline: 0px; vertical-align: baseline; color: #000000; background-position: 0px 0px;\">Telefon: +49 (0)7543\/547 331<\/span><\/span><\/p><p style=\"margin-bottom: 0px; outline: 0px; vertical-align: baseline; font-style: normal; font-variant-caps: normal; font-size: 14px; line-height: normal; font-family: Tahoma, tahoma-w01-regular, tahoma-w02-regular, tahoma-w10-regular, tahoma-w15--regular, tahoma-w99-regular, sans-serif; color: #45931c; pointer-events: auto; text-indent: 0px; text-align: justify; background-position: 0px 0px;\"><span style=\"outline: 0px; vertical-align: baseline; font-family: tahoma, tahoma-w01-regular, tahoma-w02-regular, tahoma-w10-regular, tahoma-w15--regular, tahoma-w99-regular, sans-serif; background-position: 0px 0px;\"><span style=\"outline: 0px; vertical-align: baseline; color: #000000; background-position: 0px 0px;\"><span style=\"outline: 0px; vertical-align: baseline; font-size: 14px; background-position: 0px 0px;\">E-Mail: info@mein-biogarten.com\u00a0<\/span><\/span><\/span><\/p><p style=\"margin-bottom: 0px; outline: 0px; vertical-align: baseline; font-style: normal; font-variant-caps: normal; font-size: 14px; line-height: normal; font-family: Tahoma, tahoma-w01-regular, tahoma-w02-regular, tahoma-w10-regular, tahoma-w15--regular, tahoma-w99-regular, sans-serif; color: #45931c; pointer-events: auto; text-indent: 0px; text-align: justify; background-position: 0px 0px;\"><span style=\"outline: 0px; vertical-align: baseline; color: #000000; background-position: 0px 0px;\">USt-ID: DE 305 394 657<\/span><\/p><p style=\"margin-bottom: 0px; outline: 0px; vertical-align: baseline; font-style: normal; font-variant-caps: normal; font-size: 14px; line-height: normal; font-family: Tahoma, tahoma-w01-regular, tahoma-w02-regular, tahoma-w10-regular, tahoma-w15--regular, tahoma-w99-regular, sans-serif; color: #45931c; pointer-events: auto; text-indent: 0px; text-align: justify; background-position: 0px 0px;\"><span style=\"outline: 0px; vertical-align: baseline; font-family: tahoma, tahoma-w01-regular, tahoma-w02-regular, tahoma-w10-regular, tahoma-w15--regular, tahoma-w99-regular, sans-serif; background-position: 0px 0px;\"><span style=\"outline: 0px; vertical-align: baseline; color: #2a2a2a; background-position: 0px 0px;\">Quelle: http:\/\/www.e-recht24.de<\/span><\/span><\/p><p style=\"margin-bottom: 0px; outline: 0px; vertical-align: baseline; font-style: normal; font-variant-caps: normal; font-size: 14px; line-height: normal; font-family: Tahoma, tahoma-w01-regular, tahoma-w02-regular, tahoma-w10-regular, tahoma-w15--regular, tahoma-w99-regular, sans-serif; color: #45931c; pointer-events: auto; text-indent: 0px; text-align: justify; background-position: 0px 0px;\"><span style=\"outline: 0px; vertical-align: baseline; font-family: tahoma, tahoma-w01-regular, tahoma-w02-regular, tahoma-w10-regular, tahoma-w15--regular, tahoma-w99-regular, sans-serif; background-position: 0px 0px;\"><span style=\"outline: 0px; vertical-align: baseline; color: #2a2a2a; background-position: 0px 0px;\">\u00a0<\/span><\/span><\/p><p style=\"margin-bottom: 0px; outline: 0px; vertical-align: baseline; font-style: normal; font-variant-caps: normal; font-size: 14px; line-height: normal; font-family: Tahoma, tahoma-w01-regular, tahoma-w02-regular, tahoma-w10-regular, tahoma-w15--regular, tahoma-w99-regular, sans-serif; color: #45931c; pointer-events: auto; text-indent: 0px; text-align: justify; background-position: 0px 0px;\"><span style=\"outline: 0px; vertical-align: baseline; font-family: tahoma, tahoma-w01-regular, tahoma-w02-regular, tahoma-w10-regular, tahoma-w15--regular, tahoma-w99-regular, sans-serif; background-position: 0px 0px;\"><span style=\"outline: 0px; vertical-align: baseline; color: #2a2a2a; background-position: 0px 0px;\">\u00a0<\/span><\/span><\/p><p style=\"margin-bottom: 0px; outline: 0px; vertical-align: baseline; font-style: normal; font-variant-caps: normal; font-size: 18px; line-height: normal; font-family: Tahoma, tahoma-w01-regular, tahoma-w02-regular, tahoma-w10-regular, tahoma-w15--regular, tahoma-w99-regular, sans-serif; color: #45931c; pointer-events: auto; text-indent: 0px; text-align: justify; background-position: 0px 0px;\"><span style=\"outline: 0px; vertical-align: baseline; font-family: tahoma, tahoma-w01-regular, tahoma-w02-regular, tahoma-w10-regular, tahoma-w15--regular, tahoma-w99-regular, sans-serif; background-position: 0px 0px;\"><span style=\"outline: 0px; vertical-align: baseline; font-size: 18px; background-position: 0px 0px;\"><span style=\"outline: 0px; vertical-align: baseline; font-weight: bold; background-position: 0px 0px;\">Haftungsausschluss (Disclaimer)\u00a0<\/span><\/span><\/span><\/p><p style=\"margin-bottom: 0px; outline: 0px; vertical-align: baseline; font-style: normal; font-variant-caps: normal; font-size: 18px; line-height: normal; font-family: Tahoma, tahoma-w01-regular, tahoma-w02-regular, tahoma-w10-regular, tahoma-w15--regular, tahoma-w99-regular, sans-serif; color: #45931c; pointer-events: auto; text-indent: 0px; text-align: justify; background-position: 0px 0px;\"><span style=\"outline: 0px; vertical-align: baseline; font-family: tahoma, tahoma-w01-regular, tahoma-w02-regular, tahoma-w10-regular, tahoma-w15--regular, tahoma-w99-regular, sans-serif; background-position: 0px 0px;\"><span style=\"outline: 0px; vertical-align: baseline; font-size: 18px; background-position: 0px 0px;\"><span style=\"outline: 0px; vertical-align: baseline; font-weight: bold; background-position: 0px 0px;\">\u00a0<\/span><\/span><\/span><\/p><p style=\"margin-bottom: 0px; outline: 0px; vertical-align: baseline; font-style: normal; font-variant-caps: normal; font-size: 14px; line-height: normal; font-family: Tahoma, tahoma-w01-regular, tahoma-w02-regular, tahoma-w10-regular, tahoma-w15--regular, tahoma-w99-regular, sans-serif; color: #45931c; pointer-events: auto; text-indent: 0px; text-align: justify; background-position: 0px 0px;\"><span style=\"outline: 0px; vertical-align: baseline; font-family: tahoma, tahoma-w01-regular, tahoma-w02-regular, tahoma-w10-regular, tahoma-w15--regular, tahoma-w99-regular, sans-serif; background-position: 0px 0px;\"><span style=\"outline: 0px; vertical-align: baseline; font-weight: bold; background-position: 0px 0px;\"><span style=\"outline: 0px; vertical-align: baseline; background-position: 0px 0px;\"><span style=\"outline: 0px; vertical-align: baseline; font-size: 14px; background-position: 0px 0px;\">Haftung f\u00fcr Inhalte<\/span><\/span><\/span><\/span><\/p><p style=\"margin-bottom: 0px; outline: 0px; vertical-align: baseline; font-style: normal; font-variant-caps: normal; font-size: 14px; line-height: normal; font-family: Tahoma, tahoma-w01-regular, tahoma-w02-regular, tahoma-w10-regular, tahoma-w15--regular, tahoma-w99-regular, sans-serif; color: #45931c; pointer-events: auto; text-indent: 0px; text-align: justify; background-position: 0px 0px;\"><span style=\"outline: 0px; vertical-align: baseline; font-family: tahoma, tahoma-w01-regular, tahoma-w02-regular, tahoma-w10-regular, tahoma-w15--regular, tahoma-w99-regular, sans-serif; background-position: 0px 0px;\"><span style=\"outline: 0px; vertical-align: baseline; color: #000000; background-position: 0px 0px;\">Als Diensteanbieter sind wir gem\u00e4\u00df \u00a7 7 Abs.1 TMG f\u00fcr eigene Inhalte auf diesen Seiten nach den allgemeinen Gesetzen verantwortlich. Nach \u00a7\u00a7 8 bis 10 TMG sind wir als Diensteanbieter jedoch nicht verpflichtet, \u00fcbermittelte oder gespeicherte fremde Informationen zu \u00fcberwachen oder nach Umst\u00e4nden zu forschen, die auf eine rechtswidrige T\u00e4tigkeit hinweisen. Verpflichtungen zur Entfernung oder Sperrung der Nutzung von Informationen nach den allgemeinen Gesetzen bleiben hiervon unber\u00fchrt. Eine diesbez\u00fcgliche Haftung ist jedoch erst ab dem Zeitpunkt der Kenntnis einer konkreten Rechtsverletzung m\u00f6glich. Bei Bekanntwerden von entsprechenden Rechtsverletzungen werden wir diese Inhalte umgehend entfernen.\u00a0<\/span><\/span><\/p><p style=\"margin-bottom: 0px; outline: 0px; vertical-align: baseline; font-style: normal; font-variant-caps: normal; font-size: 14px; line-height: normal; font-family: Tahoma, tahoma-w01-regular, tahoma-w02-regular, tahoma-w10-regular, tahoma-w15--regular, tahoma-w99-regular, sans-serif; color: #45931c; pointer-events: auto; text-indent: 0px; text-align: justify; background-position: 0px 0px;\"><span style=\"outline: 0px; vertical-align: baseline; font-family: tahoma, tahoma-w01-regular, tahoma-w02-regular, tahoma-w10-regular, tahoma-w15--regular, tahoma-w99-regular, sans-serif; background-position: 0px 0px;\"><span style=\"outline: 0px; vertical-align: baseline; color: #000000; background-position: 0px 0px;\">\u00a0<\/span><\/span><\/p><p style=\"margin-bottom: 0px; outline: 0px; vertical-align: baseline; font-style: normal; font-variant-caps: normal; font-size: 14px; line-height: normal; font-family: Tahoma, tahoma-w01-regular, tahoma-w02-regular, tahoma-w10-regular, tahoma-w15--regular, tahoma-w99-regular, sans-serif; color: #45931c; pointer-events: auto; text-indent: 0px; text-align: justify; background-position: 0px 0px;\"><span style=\"outline: 0px; vertical-align: baseline; font-family: tahoma, tahoma-w01-regular, tahoma-w02-regular, tahoma-w10-regular, tahoma-w15--regular, tahoma-w99-regular, sans-serif; background-position: 0px 0px;\"><span style=\"outline: 0px; vertical-align: baseline; font-weight: bold; background-position: 0px 0px;\">Haftung f\u00fcr Links\u00a0<\/span><\/span><\/p><p style=\"margin-bottom: 0px; outline: 0px; vertical-align: baseline; font-style: normal; font-variant-caps: normal; font-size: 14px; line-height: normal; font-family: Tahoma, tahoma-w01-regular, tahoma-w02-regular, tahoma-w10-regular, tahoma-w15--regular, tahoma-w99-regular, sans-serif; color: #45931c; pointer-events: auto; text-indent: 0px; text-align: justify; background-position: 0px 0px;\"><span style=\"outline: 0px; vertical-align: baseline; font-family: tahoma, tahoma-w01-regular, tahoma-w02-regular, tahoma-w10-regular, tahoma-w15--regular, tahoma-w99-regular, sans-serif; background-position: 0px 0px;\"><span style=\"outline: 0px; vertical-align: baseline; color: #000000; background-position: 0px 0px;\">Unser Angebot enth\u00e4lt Links zu externen Webseiten Dritter, auf deren Inhalte wir keinen Einfluss haben. Deshalb k\u00f6nnen wir f\u00fcr diese fremden Inhalte auch keine Gew\u00e4hr \u00fcbernehmen. F\u00fcr die Inhalte der verlinkten Seiten ist stets der jeweilige Anbieter oder Betreiber der Seiten verantwortlich. Die verlinkten Seiten wurden zum Zeitpunkt der Verlinkung auf m\u00f6gliche Rechtsverst\u00f6\u00dfe \u00fcberpr\u00fcft. Rechtswidrige Inhalte waren zum Zeitpunkt der Verlinkung nicht erkennbar. Eine permanente inhaltliche Kontrolle der verlinkten Seiten ist jedoch ohne konkrete Anhaltspunkte einer Rechtsverletzung nicht zumutbar. Bei Bekanntwerden von Rechtsverletzungen werden wir derartige Links umgehend entfernen.\u00a0<\/span><\/span><\/p><p style=\"margin-bottom: 0px; outline: 0px; vertical-align: baseline; font-style: normal; font-variant-caps: normal; font-size: 14px; line-height: normal; font-family: Tahoma, tahoma-w01-regular, tahoma-w02-regular, tahoma-w10-regular, tahoma-w15--regular, tahoma-w99-regular, sans-serif; color: #45931c; pointer-events: auto; text-indent: 0px; text-align: justify; background-position: 0px 0px;\"><span style=\"outline: 0px; vertical-align: baseline; font-family: tahoma, tahoma-w01-regular, tahoma-w02-regular, tahoma-w10-regular, tahoma-w15--regular, tahoma-w99-regular, sans-serif; background-position: 0px 0px;\"><span style=\"outline: 0px; vertical-align: baseline; color: #000000; background-position: 0px 0px;\">\u00a0<\/span><\/span><\/p><p style=\"margin-bottom: 0px; outline: 0px; vertical-align: baseline; font-style: normal; font-variant-caps: normal; font-size: 14px; line-height: normal; font-family: Tahoma, tahoma-w01-regular, tahoma-w02-regular, tahoma-w10-regular, tahoma-w15--regular, tahoma-w99-regular, sans-serif; color: #45931c; pointer-events: auto; text-indent: 0px; text-align: justify; background-position: 0px 0px;\"><span style=\"outline: 0px; vertical-align: baseline; font-family: tahoma, tahoma-w01-regular, tahoma-w02-regular, tahoma-w10-regular, tahoma-w15--regular, tahoma-w99-regular, sans-serif; background-position: 0px 0px;\"><span style=\"outline: 0px; vertical-align: baseline; font-weight: bold; background-position: 0px 0px;\">Urheberrecht\u00a0<\/span><\/span><\/p><p style=\"margin-bottom: 0px; outline: 0px; vertical-align: baseline; font-style: normal; font-variant-caps: normal; font-size: 14px; line-height: normal; font-family: Tahoma, tahoma-w01-regular, tahoma-w02-regular, tahoma-w10-regular, tahoma-w15--regular, tahoma-w99-regular, sans-serif; color: #45931c; pointer-events: auto; text-indent: 0px; text-align: justify; background-position: 0px 0px;\"><span style=\"outline: 0px; vertical-align: baseline; font-family: tahoma, tahoma-w01-regular, tahoma-w02-regular, tahoma-w10-regular, tahoma-w15--regular, tahoma-w99-regular, sans-serif; background-position: 0px 0px;\"><span style=\"outline: 0px; vertical-align: baseline; color: #000000; background-position: 0px 0px;\">Die durch die Seitenbetreiber erstellten Inhalte und Werke auf diesen Seiten unterliegen dem deutschen Urheberrecht. Die Vervielf\u00e4ltigung, Bearbeitung, Verbreitung und jede Art der Verwertung au\u00dferhalb der Grenzen des Urheberrechtes bed\u00fcrfen der schriftlichen Zustimmung des jeweiligen Autors bzw. Erstellers. Downloads und Kopien dieser Seite sind nur f\u00fcr den privaten, nicht kommerziellen Gebrauch gestattet. Soweit die Inhalte auf dieser Seite nicht vom Betreiber erstellt wurden, werden die Urheberrechte Dritter beachtet. Insbesondere werden Inhalte Dritter als solche gekennzeichnet. Sollten Sie trotzdem auf eine Urheberrechtsverletzung aufmerksam werden, bitten wir um einen entsprechenden Hinweis. Bei Bekanntwerden von Rechtsverletzungen werden wir derartige Inhalte umgehend entfernen.<\/span><\/span><\/p><p style=\"margin-bottom: 0px; outline: 0px; vertical-align: baseline; font-style: normal; font-variant-caps: normal; font-size: 14px; line-height: normal; font-family: Tahoma, tahoma-w01-regular, tahoma-w02-regular, tahoma-w10-regular, tahoma-w15--regular, tahoma-w99-regular, sans-serif; color: #45931c; pointer-events: auto; text-indent: 0px; text-align: justify; background-position: 0px 0px;\"><span style=\"outline: 0px; vertical-align: baseline; font-family: tahoma, tahoma-w01-regular, tahoma-w02-regular, tahoma-w10-regular, tahoma-w15--regular, tahoma-w99-regular, sans-serif; background-position: 0px 0px;\"><span style=\"outline: 0px; vertical-align: baseline; color: #000000; background-position: 0px 0px;\">\u00a0<\/span><\/span><\/p><div class=\"woocommerce woocommerce-gzd woocommerce-gzd-complaints-shortcode\">\n\t\t\t<h3>Alternative Streitbeilegung gem\u00e4\u00df Art. 14 Abs. 1 ODR-VO und \u00a7 36 VSBG:<\/h3>\n\t\n<p>The european commission provides a platform for online dispute resolution (OS) which is accessible at <a href=\"https:\/\/ec.europa.eu\/consumers\/odr\" target=\"_blank\">https:\/\/ec.europa.eu\/consumers\/odr<\/a>. We are not obliged nor willing to participate in dispute settlement proceedings before a consumer arbitration board.<\/p>\n<\/div>\t\t\t\t\t\t\t\t<\/div>\n\t\t\t\t<\/div>\n\t\t\t\t\t<\/div>\n\t\t<\/div>\n\t\t\t\t\t<\/div>\n\t\t<\/section>\n\t\t\t\t<\/div>\n\t\t","protected":false},"excerpt":{"rendered":"<p>Angaben gem\u00e4\u00df \u00a7 5 TMG: Gerhard Schumacher\u00a0 meinBiogarten\u00a0 Nitzenweiler 17\u00a0 D &#8211;\u00a088079 Kressbronn \u00a0 Kontakt: Telefon: +49 (0)7543\/547 331 E-Mail: info@mein-biogarten.com\u00a0 USt-ID: DE 305 394 657 Quelle: http:\/\/www.e-recht24.de \u00a0 \u00a0 Haftungsausschluss (Disclaimer)\u00a0 \u00a0 Haftung f\u00fcr Inhalte Als Diensteanbieter sind wir gem\u00e4\u00df \u00a7 7 Abs.1 TMG f\u00fcr eigene Inhalte auf diesen &hellip;<\/p>\n","protected":false},"author":1,"featured_media":0,"parent":0,"menu_order":0,"comment_status":"closed","ping_status":"closed","template":"","meta":{"footnotes":""},"class_list":["post-54","page","type-page","status-publish","hentry"],"jetpack_sharing_enabled":true,"_links":{"self":[{"href":"https:\/\/mein-biogarten.com\/index.php?rest_route=\/wp\/v2\/pages\/54","targetHints":{"allow":["GET"]}}],"collection":[{"href":"https:\/\/mein-biogarten.com\/index.php?rest_route=\/wp\/v2\/pages"}],"about":[{"href":"https:\/\/mein-biogarten.com\/index.php?rest_route=\/wp\/v2\/types\/page"}],"author":[{"embeddable":true,"href":"https:\/\/mein-biogarten.com\/index.php?rest_route=\/wp\/v2\/users\/1"}],"replies":[{"embeddable":true,"href":"https:\/\/mein-biogarten.com\/index.php?rest_route=%2Fwp%2Fv2%2Fcomments&post=54"}],"version-history":[{"count":9,"href":"https:\/\/mein-biogarten.com\/index.php?rest_route=\/wp\/v2\/pages\/54\/revisions"}],"predecessor-version":[{"id":419,"href":"https:\/\/mein-biogarten.com\/index.php?rest_route=\/wp\/v2\/pages\/54\/revisions\/419"}],"wp:attachment":[{"href":"https:\/\/mein-biogarten.com\/index.php?rest_route=%2Fwp%2Fv2%2Fmedia&parent=54"}],"curies":[{"name":"wp","href":"https:\/\/api.w.org\/{rel}","templated":true}]}}