{"id":52,"date":"2018-04-27T22:00:39","date_gmt":"2018-04-27T22:00:39","guid":{"rendered":"https:\/\/ssylvia.uber.space\/?post_type=product&#038;p=52"},"modified":"2025-06-04T20:32:28","modified_gmt":"2025-06-04T20:32:28","slug":"biogartendunger-mit-guano","status":"publish","type":"product","link":"https:\/\/mein-biogarten.com\/?product=biogartendunger-mit-guano","title":{"rendered":"bioGartend\u00fcnger mit Guano"},"content":{"rendered":"<p><span style=\"font-family: Roboto, Tahoma;font-size: 17px;font-style: normal;text-align: inherit;text-indent: 0em\">N\u00e4hrstoffreicher, organisch-mineralischer Volld\u00fcnger f\u00fcr die nat\u00fcrliche D\u00fcngung im Haus- und Kleingarten, insbesondere\u00a0f\u00fcr Obst\u00a0und Beeren, Gem\u00fcse und Kr\u00e4uter. <\/span><\/p>\n<p><span style=\"font-family: Roboto, Tahoma;font-size: 17px;font-style: normal;text-align: inherit;text-indent: 0em\">Keine Chemie \u2013 100 % nat\u00fcrliche Inhaltsstoffe, mit echtem Guano und pflanzlichen Reststoffen aus der Lebensmittelverarbeitung. Bio gem\u00e4\u00df EG-\u00d6ko-Verordnung Nr. 834\/2007.<\/span><\/p>\n<p><span style=\"font-family: Roboto, Tahoma;font-size: 17px;font-style: normal;text-align: inherit;text-indent: 0em\">Der\u00a0Biod\u00fcnger enth\u00e4lt alle Haupt- und Spurenn\u00e4hrstoffe f\u00fcr ein optimales Gedeihen Ihrer Pflanzen. Schonende Wirkungsweise, da geringe Salzbelastung und chloridarm.<\/span><\/p>\n<p><span style=\"font-family: Roboto, Tahoma;font-size: 17px;font-style: normal;text-align: inherit;text-indent: 0em\">\u200bEine starke Wurzelbildung sowie ein kr\u00e4ftiges und gesundes Pflanzenwachstum sichern Ihnen eine reichhaltige Ernte an erstklassigen und schadstofffreien Fr\u00fcchten.<\/span><\/p>\n<p><span style=\"font-family: Roboto, Tahoma;font-size: 17px;font-style: normal;text-align: inherit;text-indent: 0em\">Die feink\u00f6rnigen Pellets garantieren eine staubfreie und bequeme Ausbringung, dank der beigelegten Dosierschaufel ist die Mengendosierung kein Problem.<\/span><\/p>\n<h5 style=\"margin-top: 0px;margin-bottom: 10px;font-family: 'Playfair Display', Tahoma;font-size: 26px;font-style: normal;font-weight: normal;line-height: 1;color: #23a455\">Ausgangsstoffe<\/h5>\n<ul>\n<li><span style=\"margin-bottom: 0px;font-family: Roboto, Tahoma;font-size: 17px;font-style: normal;text-align: inherit;text-indent: 0em\">pflanzliche Stoffe: aus der Lebens- und Genussmittelherstellung, u.a. Kakaoschalen<\/span><\/li>\n<li><span style=\"font-family: Roboto, Tahoma;font-size: 17px;font-style: normal;text-align: inherit;text-indent: 0em\">tierische Stoffe: Guano und Hornmehl<\/span><\/li>\n<li><span style=\"font-family: Roboto, Tahoma;font-size: 17px;font-style: normal;text-align: inherit;text-indent: 0em\">mineralische Stoffe: Kahlirohsalz nat\u00fcrlichen Ursprungs<\/span><\/li>\n<\/ul>\n","protected":false},"excerpt":{"rendered":"<h5>Produkteigenschaften<\/h5>\n<ul>\n<li><span style=\"margin-bottom: 0px;font-family: Roboto, Tahoma;font-size: 17px;font-style: normal;text-align: inherit;text-indent: 0em\">organisch-mineralischer NPK-D\u00fcnger 8+4+6 in Bio-Qualit\u00e4t<\/span><\/li>\n<li><span style=\"font-family: Roboto, Tahoma;font-size: 17px;font-style: normal;text-align: inherit;text-indent: 0em\">mit 2,4 % Magnesiumoxyd, 3,6 % Schwefel und Spurenn\u00e4hrstoffen<\/span><\/li>\n<li><span style=\"font-family: Roboto, Tahoma;font-size: 17px;font-style: normal;text-align: inherit;text-indent: 0em\">aus 100 % nat\u00fcrlichen Inhaltsstoffen, mit viel echtem Guano<\/span><\/li>\n<li><span style=\"font-family: Roboto, Tahoma;font-size: 17px;font-style: normal;text-align: inherit;text-indent: 0em\">Sofort- und Langzeitwirkung \u00fcber 8-10 Wochen<\/span><\/li>\n<li><span style=\"font-family: Roboto, Tahoma;font-size: 17px;font-style: normal;text-align: inherit;text-indent: 0em\">f\u00fcr den \u00f6kologischen Landbau bzw. Gartenbau geeignet<\/span><\/li>\n<li><span style=\"font-family: Roboto, Tahoma;font-size: 17px;font-style: normal;text-align: inherit;text-indent: 0em\">f\u00f6rdert die Bodenfruchtbarkeit durch den hohen Gehalt an organischer Substanz<\/span><\/li>\n<li><span style=\"font-family: Roboto, Tahoma;font-size: 17px;font-style: normal;text-align: inherit;text-indent: 0em\">die praktische Pelletform des D\u00fcngers erlaubt eine gezielte, staubfreie Anwendung<\/span><\/li>\n<\/ul>\n","protected":false},"featured_media":385,"template":"","meta":[],"product_brand":[],"product_cat":[46],"product_tag":[],"class_list":{"0":"post-52","1":"product","2":"type-product","3":"status-publish","4":"has-post-thumbnail","6":"product_cat-bioduenger","8":"first","9":"outofstock","10":"taxable","11":"shipping-taxable","12":"product-type-grouped"},"jetpack_sharing_enabled":true,"_links":{"self":[{"href":"https:\/\/mein-biogarten.com\/index.php?rest_route=\/wp\/v2\/product\/52","targetHints":{"allow":["GET"]}}],"collection":[{"href":"https:\/\/mein-biogarten.com\/index.php?rest_route=\/wp\/v2\/product"}],"about":[{"href":"https:\/\/mein-biogarten.com\/index.php?rest_route=\/wp\/v2\/types\/product"}],"wp:featuredmedia":[{"embeddable":true,"href":"https:\/\/mein-biogarten.com\/index.php?rest_route=\/wp\/v2\/media\/385"}],"wp:attachment":[{"href":"https:\/\/mein-biogarten.com\/index.php?rest_route=%2Fwp%2Fv2%2Fmedia&parent=52"}],"wp:term":[{"taxonomy":"product_brand","embeddable":true,"href":"https:\/\/mein-biogarten.com\/index.php?rest_route=%2Fwp%2Fv2%2Fproduct_brand&post=52"},{"taxonomy":"product_cat","embeddable":true,"href":"https:\/\/mein-biogarten.com\/index.php?rest_route=%2Fwp%2Fv2%2Fproduct_cat&post=52"},{"taxonomy":"product_tag","embeddable":true,"href":"https:\/\/mein-biogarten.com\/index.php?rest_route=%2Fwp%2Fv2%2Fproduct_tag&post=52"}],"curies":[{"name":"wp","href":"https:\/\/api.w.org\/{rel}","templated":true}]}}